{"id":130,"date":"2025-12-24T10:07:04","date_gmt":"2025-12-24T10:07:04","guid":{"rendered":"https:\/\/ehratalentsolutions.midnightmachines.io\/?page_id=130"},"modified":"2025-12-24T12:07:50","modified_gmt":"2025-12-24T12:07:50","slug":"cookie-consent","status":"publish","type":"page","link":"https:\/\/ehratalentsolutions.midnightmachines.io\/sv\/cookie-consent\/","title":{"rendered":"Samtycke till cookies"},"content":{"rendered":"\t\t<div data-elementor-type=\"wp-page\" data-elementor-id=\"130\" class=\"elementor elementor-130 elementor-86\" data-elementor-post-type=\"page\">\n\t\t\t\t\t\t<section class=\"has_eae_slider elementor-section elementor-top-section elementor-element elementor-element-1df8e984 elementor-section-boxed elementor-section-height-default elementor-section-height-default\" data-eae-slider=\"91229\" data-id=\"1df8e984\" data-element_type=\"section\">\n\t\t\t\t\t\t<div class=\"elementor-container elementor-column-gap-default\">\n\t\t\t\t\t<div class=\"has_eae_slider elementor-column elementor-col-100 elementor-top-column elementor-element elementor-element-31b910fc\" data-eae-slider=\"74594\" data-id=\"31b910fc\" data-element_type=\"column\">\n\t\t\t<div class=\"elementor-widget-wrap elementor-element-populated\">\n\t\t\t\t\t\t<div class=\"elementor-element elementor-element-709da999 elementor-widget elementor-widget-heading\" data-id=\"709da999\" data-element_type=\"widget\" data-widget_type=\"heading.default\">\n\t\t\t\t<div class=\"elementor-widget-container\">\n\t\t\t\t\t<h1 class=\"elementor-heading-title elementor-size-default\">Samtycke till cookies<\/h1>\t\t\t\t<\/div>\n\t\t\t\t<\/div>\n\t\t\t\t\t<\/div>\n\t\t<\/div>\n\t\t\t\t\t<\/div>\n\t\t<\/section>\n\t\t\t\t<section class=\"has_eae_slider elementor-section elementor-top-section elementor-element elementor-element-5adbefa elementor-section-boxed elementor-section-height-default elementor-section-height-default\" data-eae-slider=\"61943\" data-id=\"5adbefa\" data-element_type=\"section\">\n\t\t\t\t\t\t<div class=\"elementor-container elementor-column-gap-default\">\n\t\t\t\t\t<div class=\"has_eae_slider elementor-column elementor-col-100 elementor-top-column elementor-element elementor-element-3c7ca65c\" data-eae-slider=\"22233\" data-id=\"3c7ca65c\" data-element_type=\"column\">\n\t\t\t<div class=\"elementor-widget-wrap elementor-element-populated\">\n\t\t\t\t\t\t<div class=\"elementor-element elementor-element-2b375052 elementor-widget elementor-widget-text-editor\" data-id=\"2b375052\" data-element_type=\"widget\" data-widget_type=\"text-editor.default\">\n\t\t\t\t<div class=\"elementor-widget-container\">\n\t\t\t\t\t\t\t\t\t<h3 dir=\"ltr\">Vad \u00e4r &#8221;cookies&#8221;?<\/h3><p dir=\"ltr\">Visma Talent Solutions anv\u00e4nder digitala sp\u00e5rningstekniker f\u00f6r att samla information om hur bes\u00f6kare r\u00f6r sig och interagerar p\u00e5 v\u00e5ra webbplatser. Detta f\u00f6r att m\u00e4ta hur v\u00e4l webbsidan fungerar.<\/p><p dir=\"ltr\">F\u00f6r att kunna k\u00e4nna igen en bes\u00f6kare under bes\u00f6ket, och vid \u00e5terkommande bes\u00f6k, l\u00e4mnar v\u00e5ra webbplatser en fil, &#8221;cookie&#8221;, via bes\u00f6karens webbl\u00e4sare.<\/p><p dir=\"ltr\">Cookies identifierar en viss webbl\u00e4sare eller enhet. Genom att anv\u00e4nda cookies kan Visma Talent Solutions skilja bes\u00f6kare \u00e5t och behandla dem individuellt.<\/p><h3 dir=\"ltr\">Varf\u00f6r anv\u00e4nder Visma Talent Solutions cookies?<\/h3><h4>Anonymiserad statistik<\/h4><p dir=\"ltr\">Den bes\u00f6kta webbplatsen genererar anonymiserad data som Visma Talent Solutions anv\u00e4nder f\u00f6r att f\u00f6rb\u00e4ttra sina webbplatser. N\u00e4r vi anv\u00e4nder cookies p\u00e5 det s\u00e4ttet samlar vi inte in, eller behandlar, personuppgifter. Ist\u00e4llet anv\u00e4nder vi aggregerad statistik f\u00f6r att fatta b\u00e4ttre beslut.<\/p><p dir=\"ltr\">Mer specifikt: Den anonymiserade datan beskriver den allm\u00e4nna aktiviteten och hur webbplatsen presterar.<\/p><p dir=\"ltr\"><strong>Den anonymiserade datan vi samlar in inkluderar:<\/strong><\/p><ul><li><p dir=\"ltr\">Information om webbl\u00e4sare och enhet.<\/p><\/li><li><p dir=\"ltr\">Geografisk information, begr\u00e4nsad till stad\/samh\u00e4lle.<\/p><\/li><li><p dir=\"ltr\">Anv\u00e4ndarnas beteenden p\u00e5 v\u00e5ra webbplatser, till exempel g\u00e5ngen fr\u00e5n h\u00e4nvisande sida till landningssidan och d\u00e4rifr\u00e5n till utg\u00e5ngssidan, om man skrollade p\u00e5 vissa sidor och i s\u00e5 fall hur l\u00e5ngt ner, om videor visades och hur l\u00e4nge, vilka l\u00e4nkar man klickade p\u00e5.<\/p><\/li><li><p dir=\"ltr\">Publik f\u00f6retagsinformation.<\/p><\/li><\/ul><p dir=\"ltr\">Fr\u00e5n s\u00e5dan h\u00e4r anonymiserad data kan vi m\u00e4ta hur popul\u00e4rt v\u00e5rt material \u00e4r och best\u00e4mma i vilken riktning vi ska utveckla v\u00e5r webbsida.<\/p><p dir=\"ltr\">Den anonyma datan delas inte med n\u00e5gon tredje part f\u00f6rutom underleverant\u00f6rer som placerar och hanterar cookies, inklusive Google Analytics. Anonyma uppgifter behandlas efter de krav p\u00e5 s\u00e4kerhet och integritet g\u00e4llande lagstiftning st\u00e4ller.<\/p><h4>Personuppgifter<\/h4><p>Med bes\u00f6karens tillst\u00e5nd kan vi koppla ihop bes\u00f6karens e-postadress och aktiviteter.<\/p><p dir=\"ltr\">Med det st\u00f6det kan Visma Talent Solutions anv\u00e4nda personuppgifter f\u00f6r att registrera vad en bes\u00f6kare g\u00f6r under bes\u00f6ket. Information anv\u00e4nds f\u00f6r att kunna visa bes\u00f6karna mer relevant inneh\u00e5ll p\u00e5 v\u00e5ra webbplatser.<\/p><p dir=\"ltr\"><strong>De personuppgifter vi anv\u00e4nder p\u00e5 det s\u00e4ttet \u00e4r till exempel:<\/strong><\/p><ul><li><p dir=\"ltr\">E-postadress, namn och f\u00f6retag.<\/p><\/li><li><p dir=\"ltr\">Viss f\u00f6retagsinformation.<\/p><\/li><\/ul><p dir=\"ltr\">Personuppgifter delas inte med tredje part f\u00f6rutom underleverant\u00f6rer som placerar och hanterar cookies, inkluderande Pardot och LinkedIn. All behandling av personuppgifter sker efter de krav p\u00e5 s\u00e4kerhet och integritet g\u00e4llande dataskyddslagstiftning st\u00e4ller.<\/p><h3>Hur kan jag undvika kakor?<\/h3><h4>Jag vill inte bli utsatt f\u00f6r cookies som behandlar anonymiserad statistik<\/h4><p>Genom att anv\u00e4nda webbl\u00e4sarens inst\u00e4llningar kan du blockera cookies.<\/p><p>H\u00e4r finns l\u00e4nkar till information om hur man g\u00f6r detta i n\u00e5gra av de vanligaste webbl\u00e4sarna:<\/p><ul><li><p dir=\"ltr\"><a href=\"https:\/\/support.microsoft.com\/sv-se\/windows\/manage-cookies-in-microsoft-edge-view-allow-block-delete-and-use-168dab11-0753-043d-7c16-ede5947fc64d\">Microsoft Edge<\/a><\/p><\/li><li><p dir=\"ltr\"><a href=\"https:\/\/support.google.com\/chrome\/answer\/95647?hl=sv\">Google Chrome<\/a><\/p><\/li><li><p dir=\"ltr\"><a href=\"https:\/\/support.mozilla.org\/sv\/kb\/kakor-information-webbplatser-lagrar-pa-din-dator\">Mozilla Firefox<\/a><\/p><\/li><li><p dir=\"ltr\"><a href=\"https:\/\/support.apple.com\/sv-se\/guide\/safari\/sfri11471\/mac\">Safari<\/a><\/p><\/li><\/ul><h4>Jag vill inte bli utsatt f\u00f6r cookies som behandlar mina personuppgifter<\/h4><p>Det mest effektiva s\u00e4ttet att hantera dessa cookies \u00e4r att klicka p\u00e5 knappen &#8221;Samtyckesinst\u00e4llningar&#8221; som finns l\u00e4ngst ner till h\u00f6ger p\u00e5 alla sidor p\u00e5 v\u00e5r webbplats. Genom att klicka kan du v\u00e4lja att acceptera och v\u00e4lja bort cookies som involverar behandling av personuppgifter.<\/p><p>I integritetsfr\u00e5gor kan du kontakta oss direkt p\u00e5 gdpr.talentsolutions@visma.com.<\/p><h3 dir=\"ltr\">Cookies som vi anv\u00e4nder<\/h3><div class=\"cky-audit-table-element\">\u00a0<\/div>\t\t\t\t\t\t\t\t<\/div>\n\t\t\t\t<\/div>\n\t\t\t\t\t<\/div>\n\t\t<\/div>\n\t\t\t\t\t<\/div>\n\t\t<\/section>\n\t\t\t\t<\/div>\n\t\t","protected":false},"excerpt":{"rendered":"<p>Samtycke till cookies Vad \u00e4r &#8221;cookies&#8221;? Visma Talent Solutions anv\u00e4nder digitala sp\u00e5rningstekniker f\u00f6r att samla information om hur bes\u00f6kare r\u00f6r sig och interagerar p\u00e5 v\u00e5ra webbplatser. Detta f\u00f6r att m\u00e4ta hur v\u00e4l webbsidan fungerar. F\u00f6r att kunna k\u00e4nna igen en bes\u00f6kare under bes\u00f6ket, och vid \u00e5terkommande bes\u00f6k, l\u00e4mnar v\u00e5ra webbplatser en fil, &#8221;cookie&#8221;, via bes\u00f6karens [&hellip;]<\/p>\n","protected":false},"author":1,"featured_media":0,"parent":0,"menu_order":0,"comment_status":"closed","ping_status":"closed","template":"","meta":{"_acf_changed":false,"inline_featured_image":false,"footnotes":""},"class_list":["post-130","page","type-page","status-publish","hentry"],"acf":[],"_links":{"self":[{"href":"https:\/\/ehratalentsolutions.midnightmachines.io\/sv\/wp-json\/wp\/v2\/pages\/130","targetHints":{"allow":["GET"]}}],"collection":[{"href":"https:\/\/ehratalentsolutions.midnightmachines.io\/sv\/wp-json\/wp\/v2\/pages"}],"about":[{"href":"https:\/\/ehratalentsolutions.midnightmachines.io\/sv\/wp-json\/wp\/v2\/types\/page"}],"author":[{"embeddable":true,"href":"https:\/\/ehratalentsolutions.midnightmachines.io\/sv\/wp-json\/wp\/v2\/users\/1"}],"replies":[{"embeddable":true,"href":"https:\/\/ehratalentsolutions.midnightmachines.io\/sv\/wp-json\/wp\/v2\/comments?post=130"}],"version-history":[{"count":5,"href":"https:\/\/ehratalentsolutions.midnightmachines.io\/sv\/wp-json\/wp\/v2\/pages\/130\/revisions"}],"predecessor-version":[{"id":646,"href":"https:\/\/ehratalentsolutions.midnightmachines.io\/sv\/wp-json\/wp\/v2\/pages\/130\/revisions\/646"}],"wp:attachment":[{"href":"https:\/\/ehratalentsolutions.midnightmachines.io\/sv\/wp-json\/wp\/v2\/media?parent=130"}],"curies":[{"name":"wp","href":"https:\/\/api.w.org\/{rel}","templated":true}]}}