{"id":249,"date":"2025-12-24T10:57:36","date_gmt":"2025-12-24T10:57:36","guid":{"rendered":"https:\/\/ehratalentsolutions.midnightmachines.io\/integritetspolicy\/"},"modified":"2025-12-24T12:16:54","modified_gmt":"2025-12-24T12:16:54","slug":"integritetspolicy","status":"publish","type":"page","link":"https:\/\/ehratalentsolutions.midnightmachines.io\/sv\/integritetspolicy\/","title":{"rendered":"Integritetspolicy"},"content":{"rendered":"\t\t<div data-elementor-type=\"wp-page\" data-elementor-id=\"249\" class=\"elementor elementor-249 elementor-131\" data-elementor-post-type=\"page\">\n\t\t\t\t\t\t<section class=\"has_eae_slider elementor-section elementor-top-section elementor-element elementor-element-43b21572 elementor-section-boxed elementor-section-height-default elementor-section-height-default\" data-eae-slider=\"61381\" data-id=\"43b21572\" data-element_type=\"section\">\n\t\t\t\t\t\t<div class=\"elementor-container elementor-column-gap-default\">\n\t\t\t\t\t<div class=\"has_eae_slider elementor-column elementor-col-100 elementor-top-column elementor-element elementor-element-690790b8\" data-eae-slider=\"86145\" data-id=\"690790b8\" data-element_type=\"column\">\n\t\t\t<div class=\"elementor-widget-wrap elementor-element-populated\">\n\t\t\t\t\t\t<div class=\"elementor-element elementor-element-4f846111 elementor-widget elementor-widget-heading\" data-id=\"4f846111\" data-element_type=\"widget\" data-widget_type=\"heading.default\">\n\t\t\t\t<div class=\"elementor-widget-container\">\n\t\t\t\t\t<h1 class=\"elementor-heading-title elementor-size-default\">Integritetspolicy<\/h1>\t\t\t\t<\/div>\n\t\t\t\t<\/div>\n\t\t\t\t\t<\/div>\n\t\t<\/div>\n\t\t\t\t\t<\/div>\n\t\t<\/section>\n\t\t\t\t<section class=\"has_eae_slider elementor-section elementor-top-section elementor-element elementor-element-42f5fd52 elementor-section-boxed elementor-section-height-default elementor-section-height-default\" data-eae-slider=\"78699\" data-id=\"42f5fd52\" data-element_type=\"section\">\n\t\t\t\t\t\t<div class=\"elementor-container elementor-column-gap-default\">\n\t\t\t\t\t<div class=\"has_eae_slider elementor-column elementor-col-100 elementor-top-column elementor-element elementor-element-46e261cb\" data-eae-slider=\"17699\" data-id=\"46e261cb\" data-element_type=\"column\">\n\t\t\t<div class=\"elementor-widget-wrap elementor-element-populated\">\n\t\t\t\t\t\t<div class=\"elementor-element elementor-element-4d16558d elementor-widget elementor-widget-text-editor\" data-id=\"4d16558d\" data-element_type=\"widget\" data-widget_type=\"text-editor.default\">\n\t\t\t\t<div class=\"elementor-widget-container\">\n\t\t\t\t\t\t\t\t\t<h3>1. Introduktion<\/h3><p>Integritetspolicyn hj\u00e4lper dig att f\u00f6rst\u00e5 vilka personuppgifter Visma Talent Solutions samlar in och varf\u00f6r vi samlar in dem, samt hur vi hanterar, skyddar, lagrar, exporterar och raderar dina personuppgifter.<\/p><p>Personuppgifter \u00e4r all information som r\u00f6r en identifierad eller identifierbar fysisk person, s\u00e5som en e-postadress, gatuadress, telefonnummer, etc.<\/p><h3>2. Kontakta oss<\/h3><p>Om du har n\u00e5gra kommentarer eller fr\u00e5gor om v\u00e5r integritetspolicy, eller n\u00e5gra integritetsfr\u00e5gor, inklusive g\u00e4llande ett m\u00f6jligt brott mot din integritet, v\u00e4nligen kontakta oss genom att skicka ett e-postmeddelande till gdpr.talentsolutions@visma.com.<\/p><p>Du kan ocks\u00e5 kontakta v\u00e5rt kontor p\u00e5:<\/p><p>Visma Talent Solutions AB<br \/>Kontor: Bredbandet 2, 39251 Kalmar<br \/>Telefonnummer: +44 1205212250<\/p><h3>3. Behandlingsaktiviteter<\/h3><p>Visma Talent Solutions behandlar dina personuppgifter f\u00f6r de behandlingsaktiviteter som beskrivs nedan.<\/p><h4>3.1 Marknadsf\u00f6ringsnyhetsbrev<\/h4><p>Visma Talent Solutions anv\u00e4nder e-post som ett verktyg f\u00f6r att distribuera marknadsf\u00f6ringskommunikation, dock endast om du har samtyckt i enlighet med nationell marknadsf\u00f6ringslagstiftning (vid behov). De personuppgifter som behandlas f\u00f6r detta \u00e4ndam\u00e5l \u00e4r namn och e-postadress.<\/p><p>V\u00e5r lagliga grund f\u00f6r denna behandling av personuppgifter \u00e4r v\u00e5ra ber\u00e4ttigade intressen att f\u00f6rse intresserade individer med marknadsf\u00f6ringskommunikation, jfr GDPR artikel 6 nr. 1 f).<\/p><p>Personuppgifterna kommer att raderas n\u00e4r du v\u00e4ljer att avregistrera dig fr\u00e5n att ta emot marknadsf\u00f6ringskommunikation fr\u00e5n Visma Talent Solutions. Detta kan g\u00f6ras p\u00e5 f\u00f6ljande s\u00e4tt:<\/p><ul><li><p dir=\"ltr\">F\u00f6lja instruktionerna f\u00f6r avregistrering i relevant marknadsf\u00f6ringskommunikation.<\/p><\/li><li><p dir=\"ltr\">Kontakta oss via e-post p\u00e5 gdpr.talentsolutions@visma.com.<\/p><\/li><\/ul><p>Observera att n\u00e4r du avregistrerar dig fr\u00e5n att ta emot marknadsf\u00f6ringskommunikation kan du fortfarande f\u00e5 meddelanden fr\u00e5n Visma Talent Solutions, s\u00e5som orderbekr\u00e4ftelser och meddelanden som \u00e4r n\u00f6dv\u00e4ndiga f\u00f6r att hantera ditt konto eller de tj\u00e4nster som tillhandah\u00e5lls kunder.<\/p><h4>3.2 Rekrytering<\/h4><p>Visma Talent Solutions behandlar personuppgifter under rekrytering f\u00f6r att effektivt hantera rekryteringsprocesser, hantera jobbans\u00f6kningar, utv\u00e4rdera inl\u00e4mnad dokumentation, genomf\u00f6ra intervjuer och kontakta referenser. De personuppgifter som behandlas f\u00f6r detta \u00e4ndam\u00e5l \u00e4r kontaktinformation s\u00e5som namn, adress, telefonnummer och e-post, samt CV, ans\u00f6kan och andra inl\u00e4mnade dokument, samt personlighets- och f\u00f6rm\u00e5getester som genomf\u00f6rs under ans\u00f6kningsprocessen.<\/p><p>V\u00e5r lagliga grund f\u00f6r denna behandling av personuppgifter \u00e4r v\u00e5ra ber\u00e4ttigade intressen att hitta r\u00e4tt kandidat, jfr GDPR artikel 6 nr. 1 f). F\u00f6r kandidater som vi v\u00e4ljer att g\u00e5 vidare med och erbjuda ett jobb, kommer vi att behandla vissa personuppgifter, inklusive din kontaktinformation och andra specifika personuppgifter som du ber oss att behandla, i syfte att ing\u00e5 ett avtal i enlighet med GDPR artikel 6 nr.1 b), som avser behandling som \u00e4r n\u00f6dv\u00e4ndig f\u00f6r att fullg\u00f6ra ett avtal eller vidta \u00e5tg\u00e4rder p\u00e5 din beg\u00e4ran, innan ett avtal ing\u00e5s.<\/p><p>Personuppgifterna kommer att raderas n\u00e4r rekryteringsprocessen avslutas. Detta sker vanligtvis senast sex m\u00e5nader efter ans\u00f6kningsfristen, om inte en alternativ \u00f6verenskommelse har tr\u00e4ffats med dig.<\/p><h4>3.3 S\u00e4kerhet<\/h4><p>Visma Talent Solutions behandlar personuppgifter f\u00f6r att uppt\u00e4cka, mildra och f\u00f6rhindra s\u00e4kerhetshot och missbruk, samt utf\u00f6ra n\u00f6dv\u00e4ndigt underh\u00e5ll och fels\u00f6kning. De personuppgifter som ing\u00e5r \u00e4r ditt namn, e-postadress, anv\u00e4ndar- och webbtrafikdata s\u00e5som inloggnings-ID, anv\u00e4ndarnamn, IP-adress och enhetsinformation.<\/p><p>V\u00e5r lagliga grund f\u00f6r denna behandling av personuppgifter \u00e4r v\u00e5ra ber\u00e4ttigade intressen, jfr GDPR artikel 6 nr. 1 f). Det ber\u00e4ttigade intresset \u00e4r att uppr\u00e4tth\u00e5lla en s\u00e4ker milj\u00f6 f\u00f6r v\u00e5ra kunder och verksamheter.<\/p><p>Vi kommer endast att lagra dina personuppgifter s\u00e5 l\u00e4nge som det \u00e4r n\u00f6dv\u00e4ndigt f\u00f6r att uppfylla syftet med behandlingen, och dina personuppgifter kommer att raderas efter 90 dagar.<\/p><h4>3.4 Leverera produkter och tj\u00e4nster till kunder<\/h4><p>Visma Talent Solutions behandlar personuppgifter f\u00f6r att hantera kundorder, avtal och betalningar f\u00f6r de produkter och tj\u00e4nster vi tillhandah\u00e5ller. De uppgifter som behandlas inkluderar grundl\u00e4ggande personuppgifter, s\u00e5som namn, adress, telefonnummer och e-post, tillsammans med fakturarelaterad information.<\/p><p>V\u00e5r lagliga grund f\u00f6r denna behandling av personuppgifter \u00e4r v\u00e5ra ber\u00e4ttigade intressen, jfr GDPR artikel 6 nr. 1 f). Det ber\u00e4ttigade intresset \u00e4r att underl\u00e4tta leveransen av produkter och tj\u00e4nster till kundernas kontaktperson.<\/p><p>Vi kommer endast att lagra dina personuppgifter s\u00e5 l\u00e4nge som det \u00e4r n\u00f6dv\u00e4ndigt f\u00f6r att uppfylla syftet med behandlingen, men i de flesta fall aldrig l\u00e4ngre \u00e4n 3 \u00e5r efter din senast registrerade aktivitet.<\/p><h4>3.5 Registrering f\u00f6r webbinarier<\/h4><p>Vid registrering f\u00f6r webbinarier samlar vi in personuppgifter, s\u00e5som namn och e-post.<\/p><p>V\u00e5r lagliga grund f\u00f6r denna behandling av personuppgifter \u00e4r v\u00e5ra ber\u00e4ttigade intressen, jfr GDPR artikel 6 nr. 1 f). Det ber\u00e4ttigade intresset \u00e4r att tillhandah\u00e5lla webbinarier till intresserade individer.<\/p><p>Vi kommer endast att lagra dina personuppgifter s\u00e5 l\u00e4nge som det \u00e4r n\u00f6dv\u00e4ndigt f\u00f6r att uppfylla syftet med behandlingen, och dina personuppgifter kommer att raderas efter 15 m\u00e5nader.<\/p><h4>3.6 Tj\u00e4nstef\u00f6rb\u00e4ttring<\/h4><p>Visma Talent Solutions str\u00e4var kontinuerligt efter att f\u00f6rb\u00e4ttra och utveckla kvaliteten, funktionaliteten och anv\u00e4ndarupplevelsen av v\u00e5ra produkter, tj\u00e4nster och webbplatser. De personuppgifter vi behandlar inkluderar ditt namn, e-postadress, anv\u00e4ndar- och webbtrafikinformation s\u00e5som inloggnings-ID, anv\u00e4ndarnamn och IP-adress. Dessutom behandlar vi statistik som indikerar hur du anv\u00e4nder v\u00e5r programvara och interagerar med inneh\u00e5ll p\u00e5 v\u00e5r webbplats.<\/p><p>V\u00e5r lagliga grund f\u00f6r behandling av dina personuppgifter \u00e4r v\u00e5rt ber\u00e4ttigade intresse, jfr GDPR artikel 6 nr. 1 f). Det ber\u00e4ttigade intresset \u00e4r att s\u00e4kerst\u00e4lla att vi uppfyller v\u00e5ra kunders f\u00f6rv\u00e4ntningar och alla avtalsenliga \u00e5taganden.<\/p><p>Vi kommer endast att behandla dina personuppgifter s\u00e5 l\u00e4nge som det \u00e4r n\u00f6dv\u00e4ndigt f\u00f6r att uppfylla syftet. Efter tre \u00e5r raderas personuppgifterna eller anonymiseras f\u00f6r statistisk anv\u00e4ndning.<\/p><h4>3.7 Hantering av f\u00f6rfr\u00e5gningar och support<\/h4><p>Syftet med att hantera fr\u00e5gor, funderingar eller andra f\u00f6rfr\u00e5gningar som st\u00e4lls via ett kontaktformul\u00e4r, en chattbot eller liknande p\u00e5 v\u00e5ra webbplatser \u00e4r att underl\u00e4tta kommunikation och support f\u00f6r anv\u00e4ndare som interagerar med oss. Om du kontaktar oss via s\u00e5dana kanaler kommer vi att behandla de personuppgifter som du inkluderar i din f\u00f6rfr\u00e5gan. Detta kommer som ett minimum att inkludera kontaktuppgifter.<\/p><p>V\u00e5r lagliga grund f\u00f6r denna behandling av personuppgifter \u00e4r v\u00e5ra ber\u00e4ttigade intressen, jfr GDPR artikel 6 nr. 1 f). Det ber\u00e4ttigade intresset \u00e4r att besvara fr\u00e5gor, funderingar eller f\u00f6rfr\u00e5gningar som bes\u00f6kare p\u00e5 v\u00e5r webbplats st\u00e4ller.<\/p><p>F\u00f6rfr\u00e5gningar och tillh\u00f6rande korrespondens lagras endast s\u00e5 l\u00e4nge det \u00e4r n\u00f6dv\u00e4ndigt f\u00f6r att uppfylla syftet med behandlingen, och inte l\u00e4ngre \u00e4n 3 \u00e5r efter den sista korrespondensen i relation till f\u00f6rfr\u00e5gan.<\/p><h3>4. Hur dina personuppgifter kan delas<\/h3><h4>4.1 Inom Visma-koncernen<\/h4><p>Visma Talent Solutions \u00e4r en del av Visma-koncernen, som best\u00e5r av flera dotterbolag. F\u00f6r att uppr\u00e4tth\u00e5lla en \u00f6verblick och insikt kan vi dela dina personuppgifter mellan f\u00f6retag inom Visma-koncernen.<\/p><h4>4.2 Utanf\u00f6r Visma-koncernen<\/h4><p>Visma Talent Solutions kan ocks\u00e5 dela dina personuppgifter med externa tredje parter i f\u00f6ljande sammanhang:<\/p><p><strong>Personuppgiftsbitr\u00e4den<\/strong><br \/>Visma Talent Solutions anv\u00e4nder personuppgiftsbitr\u00e4den f\u00f6r att behandla personuppgifter. Dessa personuppgiftsbitr\u00e4den \u00e4r vanligtvis leverant\u00f6rer av molnbaserade tj\u00e4nster eller andra IT-tj\u00e4nster. Vid anv\u00e4ndning av personuppgiftsbitr\u00e4den kommer Visma Talent Solutions att ing\u00e5 ett databehandlingsavtal f\u00f6r att skydda din integritet. Om personuppgiftsbitr\u00e4den \u00e4r bel\u00e4gna utanf\u00f6r EU\/EES s\u00e4kerst\u00e4ller vi lagliga grunder f\u00f6r s\u00e5dana internationella \u00f6verf\u00f6ringar \u00e5 dina v\u00e4gnar, h\u00e4runder genom att anv\u00e4nda EU:s standardavtalsklausuler. Du \u00e4r v\u00e4lkommen att beg\u00e4ra mer detaljerad information om v\u00e5ra personuppgiftsbitr\u00e4den genom att kontakta oss enligt beskrivningen i avsnittet &#8221;Kontakta oss&#8221;.<\/p><p><strong>Anv\u00e4ndarforum<\/strong><br \/>Om du g\u00f6r ett inl\u00e4gg, en kommentar eller liknande p\u00e5 anv\u00e4ndarforum eller andra forum eller webbplatser, kan s\u00e5dan information l\u00e4sas och anv\u00e4ndas av alla med tillg\u00e5ng till s\u00e5dana forum. Visma Talent Solutions ansvarar inte f\u00f6r information som du skickar in p\u00e5 s\u00e5dana forum eller webbplatser.<\/p><p><strong>Aff\u00e4rspartners<\/strong><br \/>Visma Talent Solutions kan dela dina personuppgifter med partners i h\u00e4ndelse av att detta \u00e4r legitimt ur ett aff\u00e4rsperspektiv och i enlighet med till\u00e4mplig integritetslagstiftning.<\/p><p><strong>Offentliga myndigheter<\/strong><br \/>Polisen och andra myndigheter kan beg\u00e4ra tillg\u00e5ng till personuppgifter fr\u00e5n Visma Talent Solutions. I dessa fall kommer vi endast att l\u00e4mna ut uppgifterna om det finns ett domstolsbeslut etc. att g\u00f6ra det.<\/p><h3>5. Dina r\u00e4ttigheter<\/h3><p>Du kan \u00e5beropa f\u00f6ljande r\u00e4ttigheter i f\u00f6rh\u00e5llande till v\u00e5r behandling av dina personuppgifter:<\/p><ul><li><p dir=\"ltr\"><strong>Tillg\u00e5ng.<\/strong> Du har r\u00e4tt att beg\u00e4ra en kopia av personuppgifter vi behandlar om dig.<\/p><\/li><li><p dir=\"ltr\"><strong>R\u00e4ttelse.<\/strong> Du har ocks\u00e5 r\u00e4tt att beg\u00e4ra r\u00e4ttelse av felaktiga personuppgifter som r\u00f6r dig. Om du har ett konto f\u00f6r v\u00e5ra webbplatser eller tj\u00e4nster kan detta vanligtvis g\u00f6ras via l\u00e4mpliga avsnitt &#8221;ditt konto&#8221; eller &#8221;din profil&#8221; p\u00e5 den till\u00e4mpliga webbplatsen eller tj\u00e4nsten.<\/p><\/li><li><p dir=\"ltr\"><strong>Radering.<\/strong> Du kan beg\u00e4ra radering av personuppgifter som r\u00f6r dig.<\/p><\/li><li><p dir=\"ltr\"><strong>Begr\u00e4nsning.<\/strong> Du kan be oss att begr\u00e4nsa behandlingen av dina personuppgifter.<\/p><\/li><li><p dir=\"ltr\"><strong>Portabilitet.<\/strong> Du kan be oss att tillhandah\u00e5lla dig eller andra dina personuppgifter i ett strukturerat, allm\u00e4nt anv\u00e4nt och maskinl\u00e4sbart format.<\/p><\/li><li><p dir=\"ltr\"><strong>Inv\u00e4ndning.<\/strong> Du har r\u00e4tt att inv\u00e4nda mot v\u00e5r behandling av dina personuppgifter p\u00e5 grundval av ber\u00e4ttigade intressen eller f\u00f6r direktmarknadsf\u00f6rings\u00e4ndam\u00e5l. Du har ocks\u00e5 r\u00e4tt att inv\u00e4nda mot v\u00e5r behandling av dina personuppgifter f\u00f6r utf\u00f6randet av uppgifter som utf\u00f6rs i allm\u00e4nhetens intresse eller vid ut\u00f6vandet av offentlig myndighet eller baserat p\u00e5 ber\u00e4ttigade intressen.<\/p><\/li><\/ul><p>Observera att det kan finnas vissa undantag eller begr\u00e4nsningar till de ovan n\u00e4mnda r\u00e4ttigheterna som kan g\u00e4lla beroende p\u00e5 de specifika omst\u00e4ndigheterna i din situation. I s\u00e5dana fall kommer vi att f\u00f6rse dig med detaljerad information om det till\u00e4mpliga undantaget eller begr\u00e4nsningen och hj\u00e4lpa dig att ut\u00f6va dina r\u00e4ttigheter i st\u00f6rsta m\u00f6jliga utstr\u00e4ckning, i enlighet med till\u00e4mpliga lagar och f\u00f6rordningar.<\/p><p>V\u00e4nligen skicka ett e-postmeddelande till gdpr.talentsolutions@visma.com f\u00f6r att l\u00e4mna in f\u00f6rfr\u00e5gningar som n\u00e4mns i detta avsnitt.<\/p><p>Slutligen har du ocks\u00e5 r\u00e4tt att l\u00e4mna in ett klagom\u00e5l till dataskyddsmyndigheterna med avseende p\u00e5 v\u00e5r behandling av dina personuppgifter.<\/p><h3>6. \u00c4ndringar<\/h3><p>Vi uppmuntrar dig att regelbundet granska integritetspolicyn. Om vi g\u00f6r betydande \u00e4ndringar i integritetspolicyn som v\u00e4sentligt \u00e4ndrar v\u00e5ra integritetsrutiner, kommer vi att meddela dig om detta.<\/p><p>Integritetspolicyn uppdaterades senast: 2025-10-14.<\/p>\t\t\t\t\t\t\t\t<\/div>\n\t\t\t\t<\/div>\n\t\t\t\t\t<\/div>\n\t\t<\/div>\n\t\t\t\t\t<\/div>\n\t\t<\/section>\n\t\t\t\t<\/div>\n\t\t","protected":false},"excerpt":{"rendered":"<p>Integritetspolicy 1. Introduktion Integritetspolicyn hj\u00e4lper dig att f\u00f6rst\u00e5 vilka personuppgifter Visma Talent Solutions samlar in och varf\u00f6r vi samlar in dem, samt hur vi hanterar, skyddar, lagrar, exporterar och raderar dina personuppgifter. Personuppgifter \u00e4r all information som r\u00f6r en identifierad eller identifierbar fysisk person, s\u00e5som en e-postadress, gatuadress, telefonnummer, etc. 2. Kontakta oss Om du [&hellip;]<\/p>\n","protected":false},"author":1,"featured_media":0,"parent":0,"menu_order":0,"comment_status":"closed","ping_status":"closed","template":"","meta":{"_acf_changed":false,"inline_featured_image":false,"footnotes":""},"class_list":["post-249","page","type-page","status-publish","hentry"],"acf":[],"_links":{"self":[{"href":"https:\/\/ehratalentsolutions.midnightmachines.io\/sv\/wp-json\/wp\/v2\/pages\/249","targetHints":{"allow":["GET"]}}],"collection":[{"href":"https:\/\/ehratalentsolutions.midnightmachines.io\/sv\/wp-json\/wp\/v2\/pages"}],"about":[{"href":"https:\/\/ehratalentsolutions.midnightmachines.io\/sv\/wp-json\/wp\/v2\/types\/page"}],"author":[{"embeddable":true,"href":"https:\/\/ehratalentsolutions.midnightmachines.io\/sv\/wp-json\/wp\/v2\/users\/1"}],"replies":[{"embeddable":true,"href":"https:\/\/ehratalentsolutions.midnightmachines.io\/sv\/wp-json\/wp\/v2\/comments?post=249"}],"version-history":[{"count":7,"href":"https:\/\/ehratalentsolutions.midnightmachines.io\/sv\/wp-json\/wp\/v2\/pages\/249\/revisions"}],"predecessor-version":[{"id":647,"href":"https:\/\/ehratalentsolutions.midnightmachines.io\/sv\/wp-json\/wp\/v2\/pages\/249\/revisions\/647"}],"wp:attachment":[{"href":"https:\/\/ehratalentsolutions.midnightmachines.io\/sv\/wp-json\/wp\/v2\/media?parent=249"}],"curies":[{"name":"wp","href":"https:\/\/api.w.org\/{rel}","templated":true}]}}